{"id":478,"date":"2021-03-19T11:58:43","date_gmt":"2021-03-19T02:58:43","guid":{"rendered":"https:\/\/jobguide.jp\/eng\/?page_id=478"},"modified":"2025-07-01T09:26:56","modified_gmt":"2025-07-01T00:26:56","slug":"about","status":"publish","type":"page","link":"https:\/\/jobguide.jp\/eng\/about\/","title":{"rendered":"Jobguide"},"content":{"rendered":"\t\t<div data-elementor-type=\"wp-page\" data-elementor-id=\"478\" class=\"elementor elementor-478\">\n\t\t\t\t\t\t<section class=\"elementor-section elementor-top-section elementor-element elementor-element-b423a9b elementor-section-boxed elementor-section-height-default elementor-section-height-default\" data-id=\"b423a9b\" data-element_type=\"section\" data-e-type=\"section\">\n\t\t\t\t\t\t<div class=\"elementor-container elementor-column-gap-default\">\n\t\t\t\t\t<div class=\"elementor-column elementor-col-100 elementor-top-column elementor-element elementor-element-f9a2860\" data-id=\"f9a2860\" data-element_type=\"column\" data-e-type=\"column\">\n\t\t\t<div class=\"elementor-widget-wrap elementor-element-populated\">\n\t\t\t\t\t\t<div class=\"elementor-element elementor-element-23e810d elementor-widget elementor-widget-text-editor\" data-id=\"23e810d\" data-element_type=\"widget\" data-e-type=\"widget\" data-widget_type=\"text-editor.default\">\n\t\t\t\t<div class=\"elementor-widget-container\">\n\t\t\t\t\t\t\t\t\t<div class=\"wp-block-siteorigin-panels-layout-block\">\n<div id=\"pl-478\" class=\"panel-layout\">\n<div id=\"pg-478-0\" class=\"panel-grid panel-has-style\">\n<div class=\"panel-row-style panel-row-style-for-478-0\">\n<div id=\"pgc-478-0-0\" class=\"panel-grid-cell\">\n<div id=\"panel-478-0-0-0\" class=\"so-panel widget widget_text panel-first-child panel-last-child\" data-index=\"0\">\n<h3 class=\"widget-title\">ABOUT COMPANY<\/h3>\n<div class=\"textwidget\">\u00a0<\/div>\n<\/div>\n<\/div>\n<\/div>\n<\/div>\n<div id=\"pg-478-1\" class=\"panel-grid panel-has-style\">\n<div class=\"panel-row-style panel-row-style-for-478-1\">\n<div id=\"pgc-478-1-0\" class=\"panel-grid-cell\">\n<div id=\"panel-478-1-0-0\" class=\"so-panel widget widget_text panel-first-child panel-last-child\" data-index=\"1\">\n<div class=\"textwidget\">\n<p><strong>\u5546\u53f7:<\/strong> \u682a\u5f0f\u4f1a\u793eBREXA Nest<br \/>Nome Comercial: BREXA Next Inc.<\/p>\n<\/div>\n<\/div>\n<\/div>\n<\/div>\n<\/div>\n<div id=\"pg-478-2\" class=\"panel-grid panel-has-style\">\n<div class=\"panel-row-style panel-row-style-for-478-2\">\n<div id=\"pgc-478-2-0\" class=\"panel-grid-cell\">\n<div id=\"panel-478-2-0-0\" class=\"so-panel widget widget_text panel-first-child panel-last-child\" data-index=\"2\">\n<div class=\"textwidget\">\n<p><strong>\u672c\u793e\u4f4f\u6240: <\/strong>\u6771\u4eac\u90fd\u5343\u4ee3\u7530\u533a\u4e38\u306e\u5185\u4e00\u4e01\u76ee\uff18\u756a\uff13\u53f7 \u4e38\u306e\u5185\u30c8\u30e9\u30b9\u30c8\u30bf\u30ef\u30fc\u672c\u9928 19 \u968e<br \/>Endere\u00e7o da Matriz: Marunouchi Trust Tower Main 19F, 1-8-3 Marunouchi, Chiyoda-ku, Tokyo<\/p>\n<\/div>\n<\/div>\n<\/div>\n<\/div>\n<\/div>\n<div id=\"pg-478-3\" class=\"panel-grid panel-has-style\">\n<div class=\"panel-row-style panel-row-style-for-478-3\">\n<div id=\"pgc-478-3-0\" class=\"panel-grid-cell\">\n<div id=\"panel-478-3-0-0\" class=\"so-panel widget widget_text panel-first-child panel-last-child\" data-index=\"3\">\n<div class=\"textwidget\">\n<p><strong>\u4ee3\u8868\u8005:\u00a0<\/strong>\u4ee3\u8868\u53d6\u7de0\u5f79\u4f1a\u9577 \u4e0a\u5c71\u00a0\u5065\u4e8c \/ \u4ee3\u8868\u53d6\u7de0\u5f79\u793e\u9577 \u5c71\ufa11 \u9ad8\u4e4b<\/p>\n<p>Representantes: Kenji Kamiyama, Diretor Representante, Presidente do Conselho e CEO<br \/>Takayuki Yamazaki, Diretor Representante, Presidente Executivo e COO<\/p>\n<\/div>\n<\/div>\n<\/div>\n<\/div>\n<\/div>\n<div id=\"pg-478-4\" class=\"panel-grid panel-has-style\">\n<div class=\"panel-row-style panel-row-style-for-478-4\">\n<div id=\"pgc-478-4-0\" class=\"panel-grid-cell\">\n<div id=\"panel-478-4-0-0\" class=\"so-panel widget widget_text panel-first-child panel-last-child\" data-index=\"4\">\n<div class=\"textwidget\">\n<p><strong>\u4e8b\u696d\u5185\u5bb9:<\/strong><br \/>Raz\u00e3o Social:\u00a0 Terceiriza\u00e7\u00e3o de Produ\u00e7\u00e3o<br \/>Autorizacao para Aloca\u00e7\u00e3o de Trabalhadores Terceirizados \u6d3e13\u2010305267<br \/>Autoriza\u00e7\u00e3o para Apresenta\u00e7\u00e3o Remunerada de Trabalho 13\u2010\u30e6\u2010305783<\/p>\n<\/div>\n<\/div>\n<\/div>\n<\/div>\n<\/div>\n<div id=\"pg-478-5\" class=\"panel-grid panel-has-style\">\n<div class=\"panel-row-style panel-row-style-for-478-5\">\n<div id=\"pgc-478-5-0\" class=\"panel-grid-cell\">\n<div id=\"panel-478-5-0-0\" class=\"so-panel widget widget_text panel-first-child panel-last-child\" data-index=\"5\">\n<div class=\"textwidget\">\n<p><strong>\u4f1a\u793eHP:\u00a0<\/strong><br \/>Home page da Empresa:\u00a0<a href=\"https:\/\/www.brexa.com\/\" target=\"_blank\" rel=\"noopener\">www.brexa.com<\/a><\/p>\n<\/div>\n<\/div>\n<\/div>\n<\/div>\n<\/div>\n<\/div>\n<\/div>\n<p><!-- \/wp:siteorigin-panels\/layout-block --><!-- wp:paragraph --><\/p>\n<p><!-- \/wp:paragraph --><\/p>\t\t\t\t\t\t\t\t<\/div>\n\t\t\t\t<\/div>\n\t\t\t\t\t<\/div>\n\t\t<\/div>\n\t\t\t\t\t<\/div>\n\t\t<\/section>\n\t\t\t\t<\/div>\n\t\t","protected":false},"excerpt":{"rendered":"<p>ABOUT COMPANY \u00a0 \u5546\u53f7: \u682a\u5f0f\u4f1a\u793eBREXA NestNome Comercial: BREXA Next Inc. \u672c\u793e\u4f4f\u6240: \u6771\u4eac\u90fd\u5343\u4ee3\u7530\u533a\u4e38\u306e\u5185\u4e00\u4e01\u76ee\uff18\u756a\uff13\u53f7 \u4e38\u306e\u5185\u30c8\u30e9\u30b9\u30c8\u30bf\u30ef\u30fc\u672c\u9928 19 \u968eEndere\u00e7o da Matriz: Marunouchi Trust Tower Main 19F, 1-8-3 Marunouchi, Chiyoda-ku, Tokyo \u4ee3\u8868\u8005:\u00a0\u4ee3\u8868\u53d6\u7de0\u5f79\u4f1a\u9577 \u4e0a\u5c71\u00a0\u5065\u4e8c \/ \u4ee3\u8868\u53d6\u7de0\u5f79\u793e\u9577 \u5c71\ufa11 \u9ad8\u4e4b Representantes: Kenji Kamiyama, Diretor Representante, Presidente do Conselho e CEOTakayuki Yamazaki, Diretor Representante, Presidente Executivo e COO \u4e8b\u696d\u5185\u5bb9:Raz\u00e3o Social:\u00a0 Terceiriza\u00e7\u00e3o de Produ\u00e7\u00e3oAutorizacao para<\/p>\n","protected":false},"author":1,"featured_media":0,"parent":0,"menu_order":0,"comment_status":"closed","ping_status":"closed","template":"","meta":{"inline_featured_image":false,"_monsterinsights_skip_tracking":false,"_monsterinsights_sitenote_active":false,"_monsterinsights_sitenote_note":"","_monsterinsights_sitenote_category":0,"footnotes":""},"class_list":["post-478","page","type-page","status-publish","hentry"],"_links":{"self":[{"href":"https:\/\/jobguide.jp\/eng\/wp-json\/wp\/v2\/pages\/478","targetHints":{"allow":["GET"]}}],"collection":[{"href":"https:\/\/jobguide.jp\/eng\/wp-json\/wp\/v2\/pages"}],"about":[{"href":"https:\/\/jobguide.jp\/eng\/wp-json\/wp\/v2\/types\/page"}],"author":[{"embeddable":true,"href":"https:\/\/jobguide.jp\/eng\/wp-json\/wp\/v2\/users\/1"}],"replies":[{"embeddable":true,"href":"https:\/\/jobguide.jp\/eng\/wp-json\/wp\/v2\/comments?post=478"}],"version-history":[{"count":44,"href":"https:\/\/jobguide.jp\/eng\/wp-json\/wp\/v2\/pages\/478\/revisions"}],"predecessor-version":[{"id":5379,"href":"https:\/\/jobguide.jp\/eng\/wp-json\/wp\/v2\/pages\/478\/revisions\/5379"}],"wp:attachment":[{"href":"https:\/\/jobguide.jp\/eng\/wp-json\/wp\/v2\/media?parent=478"}],"curies":[{"name":"wp","href":"https:\/\/api.w.org\/{rel}","templated":true}]}}